{"id":1051,"date":"2023-10-26T12:57:33","date_gmt":"2023-10-26T10:57:33","guid":{"rendered":"https:\/\/steenbergs.dk\/pakete\/"},"modified":"2024-04-10T14:01:09","modified_gmt":"2024-04-10T12:01:09","slug":"pakete","status":"publish","type":"page","link":"https:\/\/steenbergs.dk\/de\/pakete\/","title":{"rendered":"Pakete"},"content":{"rendered":"<p>[et_pb_section fb_built=&#8220;1&#8243; admin_label=&#8220;Header &#038; Pricing Table&#8220; _builder_version=&#8220;4.21.0&#8243; _module_preset=&#8220;default&#8220; collapsed=&#8220;on&#8220; global_colors_info=&#8220;{}&#8220;][et_pb_row _builder_version=&#8220;4.21.0&#8243; _module_preset=&#8220;default&#8220; global_colors_info=&#8220;{}&#8220;][et_pb_column type=&#8220;4_4&#8243; _builder_version=&#8220;4.21.0&#8243; _module_preset=&#8220;default&#8220; global_colors_info=&#8220;{}&#8220;][et_pb_text _builder_version=&#8220;4.23.1&#8243; _module_preset=&#8220;0b76e054-f234-4882-b659-cceae1fcf820&#8243; header_font_size=&#8220;60px&#8220; text_orientation=&#8220;center&#8220; animation_style=&#8220;slide&#8220; animation_direction=&#8220;left&#8220; animation_duration=&#8220;1700ms&#8220; animation_delay=&#8220;150ms&#8220; animation_intensity_slide=&#8220;2%&#8220; animation_starting_opacity=&#8220;68%&#8220; animation_speed_curve=&#8220;ease&#8220; global_colors_info=&#8220;{}&#8220;]<\/p>\n<h1>Pakete<\/h1>\n<p>[\/et_pb_text][\/et_pb_column][\/et_pb_row][\/et_pb_section][et_pb_section fb_built=&#8220;1&#8243; custom_padding_last_edited=&#8220;on|tablet&#8220; admin_label=&#8220;Call to Action&#8220; _builder_version=&#8220;4.23.1&#8243; _module_preset=&#8220;default&#8220; background_color=&#8220;gcid-161354d9-d5b0-400f-b4f9-66048199a852&#8243; custom_padding=&#8220;||20px||false|false&#8220; custom_padding_tablet=&#8220;||0px||false|true&#8220; custom_padding_phone=&#8220;||0px||false|true&#8220; locked=&#8220;off&#8220; collapsed=&#8220;on&#8220; global_colors_info=&#8220;{%22gcid-161354d9-d5b0-400f-b4f9-66048199a852%22:%91%22background_color%22%93}&#8220;][et_pb_row column_structure=&#8220;2_5,3_5&#8243; use_custom_gutter=&#8220;on&#8220; gutter_width=&#8220;2&#8243; make_equal=&#8220;on&#8220; _builder_version=&#8220;4.23.1&#8243; _module_preset=&#8220;default&#8220; width=&#8220;94%&#8220; width_tablet=&#8220;80%&#8220; width_phone=&#8220;90%&#8220; width_last_edited=&#8220;on|desktop&#8220; max_width=&#8220;2000px&#8220; global_colors_info=&#8220;{}&#8220;][et_pb_column type=&#8220;2_5&#8243; _builder_version=&#8220;4.23.1&#8243; _module_preset=&#8220;default&#8220; background_color=&#8220;#FFFFFF&#8220; custom_padding=&#8220;4vw|50px|4vw|50px|true|true&#8220; custom_padding_tablet=&#8220;|30px||30px|true|true&#8220; custom_padding_phone=&#8220;|20px||20px|true|true&#8220; custom_padding_last_edited=&#8220;on|desktop&#8220; border_radii=&#8220;on|10px|10px|10px|10px&#8220; global_colors_info=&#8220;{}&#8220;][et_pb_text _builder_version=&#8220;4.23.1&#8243; _module_preset=&#8220;3a52b702-1d06-4dde-a78a-76ab3a68f673&#8243; header_3_text_align=&#8220;center&#8220; header_3_text_color=&#8220;gcid-5aa9ce6a-8a5e-4347-973a-c6b91f603234&#8243; custom_margin=&#8220;||10px||false|false&#8220; header_3_font_size_tablet=&#8220;30px&#8220; header_3_font_size_phone=&#8220;30px&#8220; global_colors_info=&#8220;{%22gcid-5aa9ce6a-8a5e-4347-973a-c6b91f603234%22:%91%22header_3_text_color%22%93}&#8220;]<\/p>\n<h3>Paket 1<\/h3>\n<p>[\/et_pb_text][et_pb_pricing_tables header_background_color=&#8220;#f0f0f0&#8243; show_bullet=&#8220;off&#8220; price_background_color=&#8220;#f0f0f0&#8243; _builder_version=&#8220;4.23.1&#8243; _module_preset=&#8220;a4ac19e3-8643-4e1a-af05-ab71498a5ff6&#8243; currency_frequency_text_color=&#8220;#333333&#8243; price_text_color=&#8220;#333333&#8243; subheader_text_color=&#8220;#666666&#8243; header_text_color=&#8220;#496572&#8243; header_text_align=&#8220;center&#8220; body_font=&#8220;Ropa Sans||||||||&#8220; body_font_size=&#8220;16px&#8220; body_line_height=&#8220;1.8em&#8220; price_font=&#8220;Prata||||||||&#8220; price_font_size=&#8220;36px&#8220; custom_button=&#8220;on&#8220; button_text_size=&#8220;19px&#8220; button_text_color=&#8220;#496572&#8243; button_bg_color=&#8220;RGBA(255,255,255,0)&#8220; button_border_color=&#8220;#496572&#8243; button_border_radius=&#8220;0px&#8220; button_letter_spacing=&#8220;0.16em&#8220; button_font=&#8220;Inter|700|||||||&#8220; button_custom_padding=&#8220;18px|47px|18px|47px|true|true&#8220; text_orientation=&#8220;center&#8220; width=&#8220;100%&#8220; custom_padding=&#8220;30px||||false|false&#8220; animation_style=&#8220;fold&#8220; link_option_url_new_window=&#8220;on&#8220; body_font_size_tablet=&#8220;15px&#8220; body_font_size_phone=&#8220;13px&#8220; body_font_size_last_edited=&#8220;on|desktop&#8220; border_radii=&#8220;on|10px|10px|10px|10px&#8220; locked=&#8220;off&#8220; global_colors_info=&#8220;{%22gcid-3739f6af-6ec3-431f-9233-3cdc85f4270b%22:%91%22button_text_color%22,%22button_border_color%22,%22header_text_color%22%93,%22gcid-d056ff0b-a85f-45b3-bb11-a75debfb13bf%22:%91%22price_text_color%22,%22currency_frequency_text_color%22%93,%22gcid-70184d90-89dc-4d37-8a72-67bb78c7369e%22:%91%22header_background_color%22,%22price_background_color%22%93,%22gcid-9d98294c-d1ae-4311-865c-0d2bedb19256%22:%91%22subheader_text_color%22%93}&#8220; custom_css_pricing_top=&#8220;border: none !important;&#8220; border_width_all=&#8220;0px&#8220;][et_pb_pricing_table title=&#8220;2 Personen im Doppelzimmer&#8220; per=&#8220;pro Person &#8220; sum=&#8220; 850,- DKK&#8220; button_url=&#8220;https:\/\/booking.octopuspms.com\/RoomBook?code=a8b42875-ceb2-4056-aded-df1759e30bf7&#8243; button_text=&#8220;Buchen Sie hier&#8220; _builder_version=&#8220;4.23.1&#8243; _module_preset=&#8220;default&#8220; header_level=&#8220;h2&#8243; header_font=&#8220;Barlow|700||on|||||&#8220; header_text_color=&#8220;gcid-5aa9ce6a-8a5e-4347-973a-c6b91f603234&#8243; header_font_size=&#8220;16px&#8220; header_letter_spacing=&#8220;0.3em&#8220; header_line_height=&#8220;1.4em&#8220; body_font=&#8220;Barlow||||||||&#8220; body_line_height=&#8220;1.2em&#8220; subheader_line_height=&#8220;1.8em&#8220; price_font_size=&#8220;28px&#8220; body_link_text_color=&#8220;#FC9569&#8243; custom_button=&#8220;on&#8220; button_text_size=&#8220;20px&#8220; button_text_color=&#8220;#FFFFFF&#8220; button_bg_color=&#8220;gcid-5aa9ce6a-8a5e-4347-973a-c6b91f603234&#8243; button_border_width=&#8220;2px&#8220; button_border_color=&#8220;gcid-5aa9ce6a-8a5e-4347-973a-c6b91f603234&#8243; button_border_radius=&#8220;100px&#8220; button_letter_spacing=&#8220;0px&#8220; button_font=&#8220;Prata|500|||||||&#8220; button_use_icon=&#8220;off&#8220; button_custom_margin=&#8220;|19px||19px|false|true&#8220; button_custom_padding=&#8220;|28px||28px|false|true&#8220; link_option_url_new_window=&#8220;on&#8220; subheader_font_size_tablet=&#8220;15px&#8220; subheader_font_size_phone=&#8220;14px&#8220; subheader_font_size_last_edited=&#8220;on|desktop&#8220; global_colors_info=&#8220;{%22gcid-5aa9ce6a-8a5e-4347-973a-c6b91f603234%22:%91%22button_border_color%22,%22header_text_color%22,%22button_bg_color%22%93}&#8220; button_text_color__hover=&#8220;#000000&#8243; button_text_color__hover_enabled=&#8220;on|hover&#8220; button_bg_color__hover=&#8220;#C3C3C3&#8243; button_bg_color__hover_enabled=&#8220;on|hover&#8220; button_border_color__hover=&#8220;#C3C3C3&#8243; button_border_color__hover_enabled=&#8220;on|hover&#8220; button_letter_spacing__hover=&#8220;0px&#8220; button_letter_spacing__hover_enabled=&#8220;on|desktop&#8220; sticky_transition=&#8220;on&#8220;]<\/p>\n<p><span>\u00dcbernachtung im Hotel Steenbergs inklusive k\u00f6stlichem 3-G\u00e4nge-Men\u00fc im nahegelegen Bistro No1 und Fr\u00fchst\u00fccksbuffet<\/span><\/p>\n<p><span>\u201eBistro No1 bietet eine von franz\u00f6sischen Bistrotraditionen inspirierte Speisekarte mit Abstechern zu anderen europ\u00e4ischen K\u00fcchen.\u201c Die Speisekarte \u00e4ndert sich mit der Jahreszeit, wobei Zutaten aus der \u00f6rtlichen Speisekammer sie zu einfachen Gerichten inspirieren, bei denen der Geschmack im Vordergrund steht. <\/span><\/p>\n<p><span>Die saisonale Speisekarte finden Sie unter <a href=\"http:\/\/www.bistrono1.dk\" target=\"_blank\" rel=\"noopener\">www.bistrono1.dk<\/a><\/span><\/p>\n<p>[\/et_pb_pricing_table][\/et_pb_pricing_tables][\/et_pb_column][et_pb_column type=&#8220;3_5&#8243; _builder_version=&#8220;4.23.1&#8243; _module_preset=&#8220;default&#8220; background_enable_image=&#8220;off&#8220; border_radii=&#8220;on|10px|10px|10px|10px&#8220; global_colors_info=&#8220;{}&#8220;][et_pb_image src=&#8220;https:\/\/steenbergs.dk\/wp-content\/uploads\/2023\/11\/dobbeltvaerelse-stemningsbillede-2-2-copy-scaled.jpg&#8220; title_text=&#8220;Doppelzimmer-Stimmungsbild-2-2 Kopie&#8220; show_in_lightbox=&#8220;on&#8220; _builder_version=&#8220;4.23.1&#8243; _module_preset=&#8220;default&#8220; width=&#8220;73%&#8220; module_alignment=&#8220;center&#8220; animation_style=&#8220;slide&#8220; animation_direction=&#8220;left&#8220; animation_duration=&#8220;1050ms&#8220; animation_intensity_slide=&#8220;8%&#8220; global_colors_info=&#8220;{}&#8220;][\/et_pb_image][\/et_pb_column][\/et_pb_row][et_pb_row column_structure=&#8220;2_5,3_5&#8243; use_custom_gutter=&#8220;on&#8220; gutter_width=&#8220;2&#8243; make_equal=&#8220;on&#8220; _builder_version=&#8220;4.23.1&#8243; _module_preset=&#8220;default&#8220; width=&#8220;94%&#8220; width_tablet=&#8220;80%&#8220; width_phone=&#8220;90%&#8220; width_last_edited=&#8220;on|desktop&#8220; max_width=&#8220;2000px&#8220; global_colors_info=&#8220;{}&#8220;][et_pb_column type=&#8220;2_5&#8243; _builder_version=&#8220;4.23.1&#8243; _module_preset=&#8220;default&#8220; background_color=&#8220;#FFFFFF&#8220; custom_padding=&#8220;4vw|50px|4vw|50px|true|true&#8220; custom_padding_tablet=&#8220;|30px||30px|true|true&#8220; custom_padding_phone=&#8220;|20px||20px|true|true&#8220; custom_padding_last_edited=&#8220;on|desktop&#8220; border_radii=&#8220;on|10px|10px|10px|10px&#8220; global_colors_info=&#8220;{}&#8220;][et_pb_text _builder_version=&#8220;4.23.1&#8243; _module_preset=&#8220;3a52b702-1d06-4dde-a78a-76ab3a68f673&#8243; header_3_text_align=&#8220;center&#8220; header_3_text_color=&#8220;gcid-5aa9ce6a-8a5e-4347-973a-c6b91f603234&#8243; custom_margin=&#8220;||10px||false|false&#8220; header_3_font_size_tablet=&#8220;30px&#8220; header_3_font_size_phone=&#8220;30px&#8220; global_colors_info=&#8220;{%22gcid-5aa9ce6a-8a5e-4347-973a-c6b91f603234%22:%91%22header_3_text_color%22%93}&#8220;]<\/p>\n<h3>Paket 2<\/h3>\n<p>[\/et_pb_text][et_pb_pricing_tables header_background_color=&#8220;#f0f0f0&#8243; show_bullet=&#8220;off&#8220; price_background_color=&#8220;#f0f0f0&#8243; _builder_version=&#8220;4.23.1&#8243; _module_preset=&#8220;a4ac19e3-8643-4e1a-af05-ab71498a5ff6&#8243; currency_frequency_text_color=&#8220;#333333&#8243; price_text_color=&#8220;#333333&#8243; subheader_text_color=&#8220;#666666&#8243; header_text_color=&#8220;#496572&#8243; header_text_align=&#8220;center&#8220; body_font=&#8220;Ropa Sans||||||||&#8220; body_font_size=&#8220;16px&#8220; body_line_height=&#8220;1.8em&#8220; price_font=&#8220;Prata||||||||&#8220; price_font_size=&#8220;36px&#8220; custom_button=&#8220;on&#8220; button_text_size=&#8220;19px&#8220; button_text_color=&#8220;#496572&#8243; button_bg_color=&#8220;RGBA(255,255,255,0)&#8220; button_border_color=&#8220;#496572&#8243; button_border_radius=&#8220;0px&#8220; button_letter_spacing=&#8220;0.16em&#8220; button_font=&#8220;Inter|700|||||||&#8220; button_custom_padding=&#8220;18px|47px|18px|47px|true|true&#8220; text_orientation=&#8220;center&#8220; width=&#8220;100%&#8220; custom_padding=&#8220;30px||||false|false&#8220; animation_style=&#8220;fold&#8220; link_option_url_new_window=&#8220;on&#8220; body_font_size_tablet=&#8220;15px&#8220; body_font_size_phone=&#8220;13px&#8220; body_font_size_last_edited=&#8220;on|desktop&#8220; border_radii=&#8220;on|10px|10px|10px|10px&#8220; locked=&#8220;off&#8220; global_colors_info=&#8220;{%22gcid-3739f6af-6ec3-431f-9233-3cdc85f4270b%22:%91%22button_text_color%22,%22button_border_color%22,%22header_text_color%22%93,%22gcid-d056ff0b-a85f-45b3-bb11-a75debfb13bf%22:%91%22price_text_color%22,%22currency_frequency_text_color%22%93,%22gcid-70184d90-89dc-4d37-8a72-67bb78c7369e%22:%91%22header_background_color%22,%22price_background_color%22%93,%22gcid-9d98294c-d1ae-4311-865c-0d2bedb19256%22:%91%22subheader_text_color%22%93}&#8220;][et_pb_pricing_table button_url=&#8220;https:\/\/booking.octopuspms.com\/RoomBook?code=a8b42875-ceb2-4056-aded-df1759e30bf7&#8243; button_text=&#8220;Buchen Sie hier&#8220; _builder_version=&#8220;4.23.1&#8243; _module_preset=&#8220;default&#8220; header_level=&#8220;h2&#8243; header_font=&#8220;Barlow|700||on|||||&#8220; header_text_color=&#8220;gcid-5aa9ce6a-8a5e-4347-973a-c6b91f603234&#8243; header_font_size=&#8220;16px&#8220; header_letter_spacing=&#8220;0.3em&#8220; header_line_height=&#8220;1.4em&#8220; body_font=&#8220;Barlow||||||||&#8220; body_line_height=&#8220;1.2em&#8220; subheader_line_height=&#8220;1.8em&#8220; price_font_size=&#8220;28px&#8220; body_link_text_color=&#8220;#FC9569&#8243; custom_button=&#8220;on&#8220; button_text_size=&#8220;20px&#8220; button_text_color=&#8220;#FFFFFF&#8220; button_bg_color=&#8220;gcid-5aa9ce6a-8a5e-4347-973a-c6b91f603234&#8243; button_border_width=&#8220;2px&#8220; button_border_color=&#8220;gcid-5aa9ce6a-8a5e-4347-973a-c6b91f603234&#8243; button_border_radius=&#8220;100px&#8220; button_letter_spacing=&#8220;0px&#8220; button_font=&#8220;Prata|500|||||||&#8220; button_use_icon=&#8220;off&#8220; button_custom_margin=&#8220;|19px||19px|false|true&#8220; button_custom_padding=&#8220;|28px||28px|false|true&#8220; link_option_url_new_window=&#8220;on&#8220; subheader_font_size_tablet=&#8220;15px&#8220; subheader_font_size_phone=&#8220;14px&#8220; subheader_font_size_last_edited=&#8220;on|desktop&#8220; global_colors_info=&#8220;{%22gcid-5aa9ce6a-8a5e-4347-973a-c6b91f603234%22:%91%22button_border_color%22,%22header_text_color%22,%22button_bg_color%22%93}&#8220; button_text_color__hover=&#8220;#000000&#8243; button_text_color__hover_enabled=&#8220;on|hover&#8220; button_bg_color__hover=&#8220;#C3C3C3&#8243; button_bg_color__hover_enabled=&#8220;on|hover&#8220; button_border_color__hover=&#8220;#C3C3C3&#8243; button_border_color__hover_enabled=&#8220;on|hover&#8220; button_letter_spacing__hover=&#8220;0px&#8220; button_letter_spacing__hover_enabled=&#8220;on|desktop&#8220; sticky_transition=&#8220;on&#8220;]<\/p>\n<p><span>Wenn Sie ein Hotelzimmer im Hotel Steenbergs buchen, erhalten Sie immer eine lokale Greenfee im Mors\u00f8 Golfklub f\u00fcr 200 DKK (rufen Sie den Golfclub direkt an, um eine Abschlagszeit zu buchen, und geben Sie Ihre Buchungsnummer an).\u200b\u200b<br \/><\/span><span>Kontaktieren Sie den Mors\u00f8 Golf Club: Tlf. +45 <a data-dtype=\"d3ph\" data-local-attribute=\"d3ph\" jscontroller=\"LWZElb\" href=\"https:\/\/www.google.com\/search?q=mors%C3%B8+golfklub&amp;sca_esv=587603400&amp;hl=en&amp;source=hp&amp;ei=G4FtZdWHC5GlwPAPsq-80AQ&amp;iflsig=AO6bgOgAAAAAZW2PKzPb-ylougbTA9PcJM8BnBpYpR5U&amp;gs_ssp=eJzj4tZP1zcsSc9IKjLONmC0UjWoMDEzsTQ3TzNONkk0TEk2MLcyqDBKMk61NDJMSU1JTDUwMDT24s_NLyo-vEMhPT8nLTunNAkAuuEVmg&amp;oq=mors%C3%B8+gol&amp;gs_lp=Egdnd3Mtd2l6Igptb3Jzw7ggZ29sKgIIADILEC4YrwEYxwEYgAQyCxAAGBYYHhjxBBgKMgYQABgWGB4yBhAAGBYYHjIGEAAYFhgeMgsQABgWGB4YDxjxBDIGEAAYFhgeMgYQABgWGB4yBhAAGBYYHjIGEAAYFhgeSN8aUABYyhRwAHgAkAEAmAFaoAGFBaoBATm4AQHIAQD4AQHCAgUQABiABMICCxAuGIAEGMcBGNEDwgIFEC4YgATCAgsQLhiABBjHARivAcICChAAGBYYHhgPGAo&amp;sclient=gws-wiz#\" jsdata=\"QKGTRc;_;Bj8s6Q\" jsaction=\"rcuQ6b:npT2md;F75qrd\" data-ved=\"2ahUKEwjn4qy8ovWCAxWwZ_EDHWGMCVQQkAgoAHoECEQQAw\"><span aria-label=\"Call phone number 97 72 20 44\">97 72 20 44<\/span><\/a><\/span><\/p>\n<p>[\/et_pb_pricing_table][\/et_pb_pricing_tables][\/et_pb_column][et_pb_column type=&#8220;3_5&#8243; _builder_version=&#8220;4.23.1&#8243; _module_preset=&#8220;default&#8220; background_enable_image=&#8220;off&#8220; border_radii=&#8220;on|10px|10px|10px|10px&#8220; global_colors_info=&#8220;{}&#8220;][et_pb_image src=&#8220;https:\/\/steenbergs.dk\/wp-content\/uploads\/2023\/12\/MorsoeGolfklub_37_1280x853.jpeg&#8220; title_text=&#8220;MorsoeGolfklub_37_1280x853&#8243; show_in_lightbox=&#8220;on&#8220; _builder_version=&#8220;4.23.1&#8243; _module_preset=&#8220;default&#8220; width=&#8220;98%&#8220; module_alignment=&#8220;center&#8220; animation_style=&#8220;slide&#8220; animation_direction=&#8220;left&#8220; animation_duration=&#8220;1050ms&#8220; animation_intensity_slide=&#8220;8%&#8220; global_colors_info=&#8220;{}&#8220;][\/et_pb_image][\/et_pb_column][\/et_pb_row][\/et_pb_section]<\/p>\n","protected":false},"excerpt":{"rendered":"<p>PaketePaket 1\u00dcbernachtung im Hotel Steenbergs inklusive k\u00f6stlichem 3-G\u00e4nge-Men\u00fc im nahegelegen Bistro No1 und Fr\u00fchst\u00fccksbuffet \u201eBistro No1 bietet eine von franz\u00f6sischen Bistrotraditionen inspirierte Speisekarte mit Abstechern zu anderen europ\u00e4ischen K\u00fcchen.\u201c Die Speisekarte \u00e4ndert sich mit der Jahreszeit, wobei Zutaten aus der \u00f6rtlichen Speisekammer sie zu einfachen Gerichten inspirieren, bei denen der Geschmack im Vordergrund steht. Die [&hellip;]<\/p>\n","protected":false},"author":2,"featured_media":0,"parent":0,"menu_order":0,"comment_status":"closed","ping_status":"closed","template":"","meta":{"_et_pb_use_builder":"on","_et_pb_old_content":"","_et_gb_content_width":"","inline_featured_image":false,"footnotes":""},"class_list":["post-1051","page","type-page","status-publish","hentry"],"_links":{"self":[{"href":"https:\/\/steenbergs.dk\/de\/wp-json\/wp\/v2\/pages\/1051","targetHints":{"allow":["GET"]}}],"collection":[{"href":"https:\/\/steenbergs.dk\/de\/wp-json\/wp\/v2\/pages"}],"about":[{"href":"https:\/\/steenbergs.dk\/de\/wp-json\/wp\/v2\/types\/page"}],"author":[{"embeddable":true,"href":"https:\/\/steenbergs.dk\/de\/wp-json\/wp\/v2\/users\/2"}],"replies":[{"embeddable":true,"href":"https:\/\/steenbergs.dk\/de\/wp-json\/wp\/v2\/comments?post=1051"}],"version-history":[{"count":9,"href":"https:\/\/steenbergs.dk\/de\/wp-json\/wp\/v2\/pages\/1051\/revisions"}],"predecessor-version":[{"id":1960,"href":"https:\/\/steenbergs.dk\/de\/wp-json\/wp\/v2\/pages\/1051\/revisions\/1960"}],"wp:attachment":[{"href":"https:\/\/steenbergs.dk\/de\/wp-json\/wp\/v2\/media?parent=1051"}],"curies":[{"name":"wp","href":"https:\/\/api.w.org\/{rel}","templated":true}]}}