{"id":1063,"date":"2023-10-26T12:59:34","date_gmt":"2023-10-26T10:59:34","guid":{"rendered":"https:\/\/steenbergs.dk\/hotel\/"},"modified":"2024-04-10T13:35:44","modified_gmt":"2024-04-10T11:35:44","slug":"hotel","status":"publish","type":"page","link":"https:\/\/steenbergs.dk\/de\/hotel\/","title":{"rendered":"Hotel"},"content":{"rendered":"<p>[et_pb_section fb_built=&#8220;1&#8243; admin_label=&#8220;About&#8220; _builder_version=&#8220;4.23.1&#8243; _module_preset=&#8220;default&#8220; background_color=&#8220;#FFFFFF&#8220; custom_margin=&#8220;0px||||false|false&#8220; custom_padding=&#8220;0px||||false|false&#8220; collapsed=&#8220;on&#8220; global_colors_info=&#8220;{}&#8220;][et_pb_row column_structure=&#8220;1_2,1_2&#8243; custom_padding_last_edited=&#8220;on|phone&#8220; _builder_version=&#8220;4.23.1&#8243; _module_preset=&#8220;default&#8220; custom_margin_tablet=&#8220;0px||||false|false&#8220; custom_margin_phone=&#8220;0px||||false|false&#8220; custom_margin_last_edited=&#8220;on|phone&#8220; custom_padding_tablet=&#8220;&#8220; custom_padding_phone=&#8220;0px||||false|false&#8220; locked=&#8220;off&#8220; global_colors_info=&#8220;{}&#8220;][et_pb_column type=&#8220;1_2&#8243; _builder_version=&#8220;4.23.1&#8243; _module_preset=&#8220;default&#8220; global_colors_info=&#8220;{}&#8220;][et_pb_image title_text=&#8220;IMG_2502&#8243; _builder_version=&#8220;4.23.1&#8243; _module_preset=&#8220;default&#8220; background_image=&#8220;https:\/\/steenbergs.dk\/wp-content\/uploads\/2023\/12\/IMG_2502-scaled.jpg&#8220; custom_padding=&#8220;36vh||36vh||true|false&#8220; custom_padding_tablet=&#8220;33vh||33vh||true|false&#8220; custom_padding_phone=&#8220;33vh||33vh||true|false&#8220; custom_padding_last_edited=&#8220;on|desktop&#8220; border_radii=&#8220;on|50px|50px|50px|50px&#8220; global_colors_info=&#8220;{}&#8220;][\/et_pb_image][\/et_pb_column][et_pb_column type=&#8220;1_2&#8243; _builder_version=&#8220;4.21.0&#8243; _module_preset=&#8220;default&#8220; global_colors_info=&#8220;{}&#8220;][et_pb_text _builder_version=&#8220;4.23.1&#8243; _module_preset=&#8220;d99b91fd-c58c-4228-8bc1-f9994ed11fd3&#8243; custom_margin=&#8220;||10px||false|false&#8220; custom_margin_tablet=&#8220;||10px||false|false&#8220; custom_margin_phone=&#8220;-82px||10px||false|false&#8220; custom_margin_last_edited=&#8220;on|phone&#8220; custom_padding=&#8220;13px|||||&#8220; custom_padding_tablet=&#8220;13px|||||&#8220; custom_padding_phone=&#8220;0px||||false|false&#8220; custom_padding_last_edited=&#8220;on|phone&#8220; animation_style=&#8220;slide&#8220; animation_direction=&#8220;left&#8220; animation_duration=&#8220;1700ms&#8220; animation_delay=&#8220;150ms&#8220; animation_intensity_slide=&#8220;2%&#8220; animation_starting_opacity=&#8220;68%&#8220; animation_speed_curve=&#8220;ease&#8220; header_2_font_size_phone=&#8220;30px&#8220; global_colors_info=&#8220;{}&#8220;]<\/p>\n<h2>Johan B. Steenberg baute das Lagerhaus im Jahr 1848, eine Erweiterung folgte hiernach im Jahre 1861.<\/h2>\n<p>[\/et_pb_text][et_pb_text _builder_version=&#8220;4.23.1&#8243; _module_preset=&#8220;70bb04b6-c8b0-46c3-9f0f-8f012b0e8fd1&#8243; text_font=&#8220;Barlow||||||||&#8220; global_colors_info=&#8220;{}&#8220;]<\/p>\n<p>Das Hotel ist zentral gelegen mit dem Hafen direkt vor der T\u00fcr. Die Fu\u00dfg\u00e4ngerzone mit deren vielf\u00e4ltigen Gesch\u00e4ften ist ebenfalls ganz in der N\u00e4he. Besser geht es nicht. der Stadt sind nur einen Steinwurf entfernt. Besser geht es nicht.<\/p>\n<p>Im Herbst 2020 wurde das Hotel dann von innen nach au\u00dfen renoviert \u2013 der Respekt vor der Seele des Hotels als altes Lagerhaus blieb jedoch soweit m\u00f6glich erhalten, hierunter freiliegende Balken sowie die Lagerfenster.<\/p>\n<p>Das Hotel verf\u00fcgt \u00fcber 18 Zimmer, die alle einzigartig und geschmackvoll eingerichtet sind und eine wunderbare Mischung aus modernem und \u00e4lterem d\u00e4nischem Design bieten. Alles ist sorgf\u00e4ltig ausgew\u00e4hlt, damit unsere G\u00e4ste in einer entspannten, maritimen und historischen Atmosph\u00e4re zugleich \u00fcbernachten k\u00f6nnen.<\/p>\n<p>[\/et_pb_text][\/et_pb_column][\/et_pb_row][\/et_pb_section][et_pb_section fb_built=&#8220;1&#8243; admin_label=&#8220;Header&#8220; _builder_version=&#8220;4.23.1&#8243; _module_preset=&#8220;default&#8220; use_background_color_gradient=&#8220;on&#8220; background_color_gradient_stops=&#8220;rgba(0,0,0,0.36) 0%|rgba(0,0,0,0.6) 100%&#8220; background_color_gradient_overlays_image=&#8220;on&#8220; background_image=&#8220;https:\/\/steenbergs.dk\/wp-content\/uploads\/2023\/11\/Steenbergs-drone-billede.png&#8220; width=&#8220;94%&#8220; width_tablet=&#8220;80%&#8220; width_phone=&#8220;80%&#8220; width_last_edited=&#8220;on|desktop&#8220; max_width=&#8220;2000px&#8220; module_alignment=&#8220;center&#8220; custom_margin=&#8220;60px||||false|false&#8220; custom_padding=&#8220;9vw||9vw||true|false&#8220; border_radii=&#8220;on|10px|10px|10px|10px&#8220; collapsed=&#8220;on&#8220; global_colors_info=&#8220;{}&#8220;][et_pb_row _builder_version=&#8220;4.21.0&#8243; _module_preset=&#8220;default&#8220; global_colors_info=&#8220;{}&#8220;][et_pb_column type=&#8220;4_4&#8243; _builder_version=&#8220;4.21.0&#8243; _module_preset=&#8220;default&#8220; global_colors_info=&#8220;{}&#8220;][et_pb_text _builder_version=&#8220;4.23.1&#8243; _module_preset=&#8220;7ba006dd-1a8c-4ff8-92ee-836b9ab5ae42&#8243; header_text_align=&#8220;center&#8220; header_text_color=&#8220;#FFFFFF&#8220; max_width=&#8220;800px&#8220; module_alignment=&#8220;center&#8220; animation_style=&#8220;slide&#8220; animation_direction=&#8220;left&#8220; animation_duration=&#8220;1700ms&#8220; animation_delay=&#8220;150ms&#8220; animation_intensity_slide=&#8220;2%&#8220; animation_starting_opacity=&#8220;68%&#8220; animation_speed_curve=&#8220;ease&#8220; global_colors_info=&#8220;{}&#8220;]<\/p>\n<h1><span>Wir werden uns sowohl um Qualit\u00e4t als auch um Service bem\u00fchen<\/span><\/h1>\n<p>[\/et_pb_text][et_pb_text _builder_version=&#8220;4.23.1&#8243; _module_preset=&#8220;7ba006dd-1a8c-4ff8-92ee-836b9ab5ae42&#8243; header_text_color=&#8220;#FFFFFF&#8220; header_font_size=&#8220;28px&#8220; text_orientation=&#8220;center&#8220; global_colors_info=&#8220;{}&#8220;]<\/p>\n<h1><span>\u2013 weil wir hoffen, dass G\u00e4ste zu Freunden des Hauses werden!<\/span><\/h1>\n<p>[\/et_pb_text][\/et_pb_column][\/et_pb_row][\/et_pb_section][et_pb_section fb_built=&#8220;1&#8243; disabled_on=&#8220;off|off|off&#8220; admin_label=&#8220;Gallery&#8220; _builder_version=&#8220;4.21.0&#8243; _module_preset=&#8220;default&#8220; custom_padding=&#8220;||33px|||&#8220; locked=&#8220;off&#8220; collapsed=&#8220;on&#8220; global_colors_info=&#8220;{}&#8220;][et_pb_row column_structure=&#8220;1_4,1_4,1_4,1_4&#8243; use_custom_gutter=&#8220;on&#8220; gutter_width=&#8220;2&#8243; disabled_on=&#8220;off|off|off&#8220; _builder_version=&#8220;4.23.1&#8243; _module_preset=&#8220;default&#8220; width=&#8220;94%&#8220; width_tablet=&#8220;80%&#8220; width_phone=&#8220;80%&#8220; width_last_edited=&#8220;on|desktop&#8220; max_width=&#8220;2000px&#8220; custom_padding=&#8220;0px||0px||true|false&#8220; border_radii=&#8220;on|50px|50px|50px|50px&#8220; border_color_all=&#8220;#FFFFFF&#8220; global_colors_info=&#8220;{}&#8220;][et_pb_column type=&#8220;1_4&#8243; _builder_version=&#8220;4.23.1&#8243; _module_preset=&#8220;default&#8220; background_image=&#8220;https:\/\/steenbergs.dk\/wp-content\/uploads\/2023\/11\/IMG_0372-scaled.jpeg&#8220; custom_padding=&#8220;22vh||22vh||true|false&#8220; global_colors_info=&#8220;{}&#8220;][\/et_pb_column][et_pb_column type=&#8220;1_4&#8243; _builder_version=&#8220;4.23.1&#8243; _module_preset=&#8220;default&#8220; background_image=&#8220;https:\/\/steenbergs.dk\/wp-content\/uploads\/2023\/11\/IMG_1259-copy-scaled.jpg&#8220; custom_padding=&#8220;22vh||22vh||true|false&#8220; global_colors_info=&#8220;{}&#8220;][\/et_pb_column][et_pb_column type=&#8220;1_4&#8243; _builder_version=&#8220;4.23.1&#8243; _module_preset=&#8220;default&#8220; background_image=&#8220;https:\/\/steenbergs.dk\/wp-content\/uploads\/2023\/11\/IMG_1004-copy-scaled.jpg&#8220; custom_padding=&#8220;22vh||22vh||true|false&#8220; global_colors_info=&#8220;{}&#8220;][\/et_pb_column][et_pb_column type=&#8220;1_4&#8243; _builder_version=&#8220;4.23.1&#8243; _module_preset=&#8220;default&#8220; background_image=&#8220;https:\/\/steenbergs.dk\/wp-content\/uploads\/2023\/11\/IMG_1132-scaled.jpeg&#8220; custom_padding=&#8220;22vh||22vh||true|false&#8220; global_colors_info=&#8220;{}&#8220;][\/et_pb_column][\/et_pb_row][\/et_pb_section][et_pb_section fb_built=&#8220;1&#8243; disabled_on=&#8220;on|on|off&#8220; admin_label=&#8220;Features&#8220; _builder_version=&#8220;4.23.1&#8243; _module_preset=&#8220;default&#8220; background_image=&#8220;https:\/\/steenbergs.dk\/wp-content\/uploads\/2023\/11\/nykobing-havn-sh-copy.jpg&#8220; width=&#8220;94%&#8220; width_tablet=&#8220;80%&#8220; width_phone=&#8220;80%&#8220; width_last_edited=&#8220;on|tablet&#8220; module_alignment=&#8220;center&#8220; custom_margin=&#8220;28px||28px||true|false&#8220; custom_padding=&#8220;9vw||9vw||true|false&#8220; border_radii=&#8220;on|10px|10px|10px|10px&#8220; collapsed=&#8220;on&#8220; global_colors_info=&#8220;{}&#8220;][\/et_pb_section][et_pb_section fb_built=&#8220;1&#8243; disabled_on=&#8220;on|on|on&#8220; admin_label=&#8220;Testimonials&#8220; _builder_version=&#8220;4.21.0&#8243; _module_preset=&#8220;default&#8220; disabled=&#8220;on&#8220; collapsed=&#8220;on&#8220; global_colors_info=&#8220;{}&#8220;][et_pb_row _builder_version=&#8220;4.21.0&#8243; _module_preset=&#8220;default&#8220; global_colors_info=&#8220;{}&#8220;][et_pb_column type=&#8220;4_4&#8243; _builder_version=&#8220;4.21.0&#8243; _module_preset=&#8220;default&#8220; global_colors_info=&#8220;{}&#8220;][et_pb_slider _builder_version=&#8220;4.21.0&#8243; _module_preset=&#8220;c3f48a7f-2ff8-410e-881c-46d93fa7350a&#8220; custom_padding=&#8220;0px||||false|false&#8220; locked=&#8220;off&#8220; global_colors_info=&#8220;{%22gcid-d056ff0b-a85f-45b3-bb11-a75debfb13bf%22:%91%22header_text_color%22,%22arrows_custom_color%22,%22dot_nav_custom_color%22%93,%22gcid-9d98294c-d1ae-4311-865c-0d2bedb19256%22:%91%22body_text_color%22%93}&#8220;][et_pb_slide heading=&#8220;%22Vitae consequat augue. Vivamus eget dolor vel quam condimentum sodales in bibendum odio urna sit amet.%22&#8243; _builder_version=&#8220;4.21.0&#8243; _module_preset=&#8220;default&#8220; locked=&#8220;off&#8220; global_colors_info=&#8220;{}&#8220; sticky_transition=&#8220;on&#8220;]Cason Espinosa[\/et_pb_slide][et_pb_slide heading=&#8220;%22Bei nicht pulvin\u00e4rem Purus. Curabitur nisi odio, blandit et elit at, suscipit pharetra efficitur elit. Sempre leo et sapien lobortis facilisis aliquam feugiat ut diam non tempus et malesuada.%22&#8243; _builder_version=&#8220;4.21.0&#8243; _module_preset=&#8220;default&#8220; locked=&#8220;off&#8220; global_colors_info=&#8220;{}&#8220; sticky_transition=&#8220;on&#8220;]Saif Guerra[\/et_pb_slide][et_pb_slide heading=&#8220;%22Donec sed finibus nisi. Sempre leo et sapien lobortis facilisis aliquam feugiat ut diam non tempus et malesuada.%22&#8243; _builder_version=&#8220;4.21.0&#8243; _module_preset=&#8220;default&#8220; locked=&#8220;off&#8220; global_colors_info=&#8220;{}&#8220; sticky_transition=&#8220;on&#8220;]Juanita Moran[\/et_pb_slide][\/et_pb_slider][\/et_pb_column][\/et_pb_row][\/et_pb_section]<\/p>\n","protected":false},"excerpt":{"rendered":"<p>Johan B. Steenberg baute das Lagerhaus im Jahr 1848, eine Erweiterung folgte hiernach im Jahre 1861.Das Hotel ist zentral gelegen mit dem Hafen direkt vor der T\u00fcr. Die Fu\u00dfg\u00e4ngerzone mit deren vielf\u00e4ltigen Gesch\u00e4ften ist ebenfalls ganz in der N\u00e4he. Besser geht es nicht. der Stadt sind nur einen Steinwurf entfernt. Besser geht es nicht. Im [&hellip;]<\/p>\n","protected":false},"author":2,"featured_media":0,"parent":0,"menu_order":0,"comment_status":"closed","ping_status":"closed","template":"","meta":{"_et_pb_use_builder":"on","_et_pb_old_content":"","_et_gb_content_width":"","inline_featured_image":false,"footnotes":""},"class_list":["post-1063","page","type-page","status-publish","hentry"],"_links":{"self":[{"href":"https:\/\/steenbergs.dk\/de\/wp-json\/wp\/v2\/pages\/1063","targetHints":{"allow":["GET"]}}],"collection":[{"href":"https:\/\/steenbergs.dk\/de\/wp-json\/wp\/v2\/pages"}],"about":[{"href":"https:\/\/steenbergs.dk\/de\/wp-json\/wp\/v2\/types\/page"}],"author":[{"embeddable":true,"href":"https:\/\/steenbergs.dk\/de\/wp-json\/wp\/v2\/users\/2"}],"replies":[{"embeddable":true,"href":"https:\/\/steenbergs.dk\/de\/wp-json\/wp\/v2\/comments?post=1063"}],"version-history":[{"count":13,"href":"https:\/\/steenbergs.dk\/de\/wp-json\/wp\/v2\/pages\/1063\/revisions"}],"predecessor-version":[{"id":1945,"href":"https:\/\/steenbergs.dk\/de\/wp-json\/wp\/v2\/pages\/1063\/revisions\/1945"}],"wp:attachment":[{"href":"https:\/\/steenbergs.dk\/de\/wp-json\/wp\/v2\/media?parent=1063"}],"curies":[{"name":"wp","href":"https:\/\/api.w.org\/{rel}","templated":true}]}}