{"id":1166,"date":"2023-11-21T14:46:41","date_gmt":"2023-11-21T13:46:41","guid":{"rendered":"https:\/\/steenbergs.dk\/vertrauenswuerdige\/"},"modified":"2024-04-10T13:56:50","modified_gmt":"2024-04-10T11:56:50","slug":"vertrauenswuerdige","status":"publish","type":"page","link":"https:\/\/steenbergs.dk\/de\/vertrauenswuerdige\/","title":{"rendered":"Vertrauensbar"},"content":{"rendered":"<p>[et_pb_section fb_built=&#8220;1&#8243; admin_label=&#8220;About&#8220; _builder_version=&#8220;4.23.1&#8243; _module_preset=&#8220;default&#8220; background_color=&#8220;#FFFFFF&#8220; custom_margin=&#8220;0px||||false|false&#8220; custom_padding=&#8220;0px||||false|false&#8220; collapsed=&#8220;on&#8220; global_colors_info=&#8220;{}&#8220;][et_pb_row _builder_version=&#8220;4.23.1&#8243; _module_preset=&#8220;default&#8220; global_colors_info=&#8220;{}&#8220;][et_pb_column type=&#8220;4_4&#8243; _builder_version=&#8220;4.23.1&#8243; _module_preset=&#8220;default&#8220; global_colors_info=&#8220;{}&#8220;][et_pb_text _builder_version=&#8220;4.23.1&#8243; _module_preset=&#8220;d99b91fd-c58c-4228-8bc1-f9994ed11fd3&#8243; header_2_text_align=&#8220;center&#8220; custom_margin=&#8220;||10px||false|false&#8220; custom_padding=&#8220;13px|||||&#8220; animation_style=&#8220;slide&#8220; animation_direction=&#8220;left&#8220; animation_duration=&#8220;1700ms&#8220; animation_delay=&#8220;150ms&#8220; animation_intensity_slide=&#8220;2%&#8220; animation_starting_opacity=&#8220;68%&#8220; animation_speed_curve=&#8220;ease&#8220; header_2_font_size_tablet=&#8220;&#8220; header_2_font_size_phone=&#8220;30px&#8220; header_2_font_size_last_edited=&#8220;on|phone&#8220; global_colors_info=&#8220;{}&#8220;]<\/p>\n<h2>Eine einfache Selbstbedienungsl\u00f6sung, bei der der Gast zu seinem eigenen Barkeeper wird<\/h2>\n<p>[\/et_pb_text][et_pb_text _builder_version=&#8220;4.23.1&#8243; _module_preset=&#8220;70bb04b6-c8b0-46c3-9f0f-8f012b0e8fd1&#8243; text_font=&#8220;Barlow||||||||&#8220; text_orientation=&#8220;center&#8220; width=&#8220;74%&#8220; width_tablet=&#8220;74%&#8220; width_phone=&#8220;74%&#8220; width_last_edited=&#8220;on|phone&#8220; module_alignment=&#8220;center&#8220; global_colors_info=&#8220;{}&#8220;]<\/p>\n<p>Eine \u201eTrust Bar\u201c ist eine h\u00f6fliche Selbstbedienungs-Trust-Bar, bei der wir als Hotel beschlossen haben, dass unsere G\u00e4ste dennoch die M\u00f6glichkeit haben sollen, in unserem gem\u00fctlichen Lounge-Bereich eine Tasse Kaffee, ein Glas Wein oder ein k\u00fchles Bier zu genie\u00dfen, auch wenn das Personal nicht da ist<\/p>\n<ul><\/ul>\n<p>[\/et_pb_text][\/et_pb_column][\/et_pb_row][et_pb_row column_structure=&#8220;1_2,1_2&#8243; _builder_version=&#8220;4.23.1&#8243; _module_preset=&#8220;default&#8220; custom_margin=&#8220;||||false|false&#8220; custom_margin_tablet=&#8220;-38px||||false|false&#8220; custom_margin_phone=&#8220;-38px||||false|false&#8220; custom_margin_last_edited=&#8220;on|phone&#8220; locked=&#8220;off&#8220; global_colors_info=&#8220;{}&#8220;][et_pb_column type=&#8220;1_2&#8243; _builder_version=&#8220;4.23.1&#8243; _module_preset=&#8220;default&#8220; custom_padding=&#8220;0px||0px||true|false&#8220; global_colors_info=&#8220;{}&#8220;][et_pb_video src=&#8220;https:\/\/www.youtube.com\/shorts\/3jwjstn2ViQ&#8220; src_tablet=&#8220;https:\/\/youtube.com\/shorts\/3jwjstn2ViQ?feature=share&#8220; src_phone=&#8220;https:\/\/youtube.com\/shorts\/3jwjstn2ViQ?feature=share&#8220; src_last_edited=&#8220;on|phone&#8220; _builder_version=&#8220;4.23.1&#8243; _module_preset=&#8220;default&#8220; custom_margin=&#8220;||||false|false&#8220; custom_padding=&#8220;0px||0px||false|false&#8220; global_colors_info=&#8220;{}&#8220;][\/et_pb_video][\/et_pb_column][et_pb_column type=&#8220;1_2&#8243; _builder_version=&#8220;4.21.0&#8243; _module_preset=&#8220;default&#8220; global_colors_info=&#8220;{}&#8220;][et_pb_text _builder_version=&#8220;4.23.1&#8243; _module_preset=&#8220;70bb04b6-c8b0-46c3-9f0f-8f012b0e8fd1&#8243; text_font=&#8220;Barlow||||||||&#8220; text_text_color=&#8220;gcid-5aa9ce6a-8a5e-4347-973a-c6b91f603234&#8243; text_font_size=&#8220;17px&#8220; header_2_font=&#8220;Prata||||||||&#8220; global_colors_info=&#8220;{%22gcid-5aa9ce6a-8a5e-4347-973a-c6b91f603234%22:%91%22text_text_color%22%93}&#8220;]<\/p>\n<h2>\u201eEinfache Selbstbedienung\u201c<\/h2>\n<ul>\n<li><span>Scannen Sie den QR-Code auf dem Tisch mit Ihrer mobilen Kamera <\/span><\/li>\n<li><span>Das Men\u00fc erscheint und Sie w\u00e4hlen die Menge aus und legen sie in den Warenkorb<\/span><\/li>\n<li><span>Wenn Sie fertig sind, dr\u00fccken Sie auf den Warenkorb in der oberen rechten Ecke und w\u00e4hlen Sie \u201eBezahlen\u201c.<\/span><\/li>\n<li><span>Die Zahlungsm\u00f6glichkeit w\u00e4hlen Sie selbst \u2013 folgen Sie den Anweisungen <\/span><\/li>\n<\/ul>\n<p>Machen Sie weiter und genie\u00dfen Sie es.<\/p>\n<p>[\/et_pb_text][\/et_pb_column][\/et_pb_row][\/et_pb_section]<\/p>\n","protected":false},"excerpt":{"rendered":"<p>Eine einfache Selbstbedienungsl\u00f6sung, bei der der Gast zu seinem eigenen Barkeeper wirdEine \u201eTrust Bar\u201c ist eine h\u00f6fliche Selbstbedienungs-Trust-Bar, bei der wir als Hotel beschlossen haben, dass unsere G\u00e4ste dennoch die M\u00f6glichkeit haben sollen, in unserem gem\u00fctlichen Lounge-Bereich eine Tasse Kaffee, ein Glas Wein oder ein k\u00fchles Bier zu genie\u00dfen, auch wenn das Personal nicht da [&hellip;]<\/p>\n","protected":false},"author":2,"featured_media":0,"parent":0,"menu_order":0,"comment_status":"closed","ping_status":"closed","template":"","meta":{"_et_pb_use_builder":"on","_et_pb_old_content":"","_et_gb_content_width":"","inline_featured_image":false,"footnotes":""},"class_list":["post-1166","page","type-page","status-publish","hentry"],"_links":{"self":[{"href":"https:\/\/steenbergs.dk\/de\/wp-json\/wp\/v2\/pages\/1166","targetHints":{"allow":["GET"]}}],"collection":[{"href":"https:\/\/steenbergs.dk\/de\/wp-json\/wp\/v2\/pages"}],"about":[{"href":"https:\/\/steenbergs.dk\/de\/wp-json\/wp\/v2\/types\/page"}],"author":[{"embeddable":true,"href":"https:\/\/steenbergs.dk\/de\/wp-json\/wp\/v2\/users\/2"}],"replies":[{"embeddable":true,"href":"https:\/\/steenbergs.dk\/de\/wp-json\/wp\/v2\/comments?post=1166"}],"version-history":[{"count":18,"href":"https:\/\/steenbergs.dk\/de\/wp-json\/wp\/v2\/pages\/1166\/revisions"}],"predecessor-version":[{"id":1959,"href":"https:\/\/steenbergs.dk\/de\/wp-json\/wp\/v2\/pages\/1166\/revisions\/1959"}],"wp:attachment":[{"href":"https:\/\/steenbergs.dk\/de\/wp-json\/wp\/v2\/media?parent=1166"}],"curies":[{"name":"wp","href":"https:\/\/api.w.org\/{rel}","templated":true}]}}