{"id":1178,"date":"2023-11-22T13:29:55","date_gmt":"2023-11-22T12:29:55","guid":{"rendered":"https:\/\/steenbergs.dk\/handelsbedingungen\/"},"modified":"2023-12-05T11:47:52","modified_gmt":"2023-12-05T10:47:52","slug":"handelsbedingungen","status":"publish","type":"page","link":"https:\/\/steenbergs.dk\/de\/handelsbedingungen\/","title":{"rendered":"Handelsbedingungen"},"content":{"rendered":"<p>[et_pb_section fb_built=&#8220;1&#8243; admin_label=&#8220;Header &#038; Pricing Table&#8220; _builder_version=&#8220;4.21.0&#8243; _module_preset=&#8220;default&#8220; collapsed=&#8220;on&#8220; global_colors_info=&#8220;{}&#8220; theme_builder_area=&#8220;post_content&#8220;][et_pb_row _builder_version=&#8220;4.21.0&#8243; _module_preset=&#8220;default&#8220; max_width=&#8220;800px&#8220; global_colors_info=&#8220;{}&#8220; theme_builder_area=&#8220;post_content&#8220;][et_pb_column type=&#8220;4_4&#8243; _builder_version=&#8220;4.21.0&#8243; _module_preset=&#8220;default&#8220; global_colors_info=&#8220;{}&#8220; theme_builder_area=&#8220;post_content&#8220;][et_pb_text _builder_version=&#8220;4.23.1&#8243; _module_preset=&#8220;72cc7669-e4f2-4f64-847f-1f22b686a254&#8243; text_orientation=&#8220;center&#8220; custom_margin=&#8220;||10px||false|false&#8220; animation_style=&#8220;slide&#8220; animation_direction=&#8220;left&#8220; animation_duration=&#8220;1700ms&#8220; animation_delay=&#8220;150ms&#8220; animation_intensity_slide=&#8220;2%&#8220; animation_starting_opacity=&#8220;68%&#8220; animation_speed_curve=&#8220;ease&#8220; hover_enabled=&#8220;0&#8243; global_colors_info=&#8220;{}&#8220; theme_builder_area=&#8220;post_content&#8220; header_2_text_align=&#8220;center&#8220; sticky_enabled=&#8220;0&#8243;]<\/p>\n<section class=\"text-section text-black\">\n<div class=\"container\">\n<div class=\"row\">\n<div class=\"col-12 text-center\">\n<h2>Gesch\u00e4fts- und Handelsbedingungen<\/h2>\n<\/div>\n<\/div>\n<\/div>\n<\/section>\n<section class=\"two-col-text-section text-black\">\n<div class=\"container\">\n<div class=\"row justify-content-center\">\n<div class=\"col-sm-6 col-md-9 text-left item\"><\/div>\n<\/div>\n<\/div>\n<\/section>\n<div id=\"c4584\" class=\"frame default \">\n<div class=\"posts-box\">\n<div class=\"posts-wrapper row\">\n<div class=\" col-md-12 a1\">\n<div class=\"psum-small\">\n<div id=\"c4585\" class=\"frame default \"><\/div>\n<\/div>\n<\/div>\n<\/div>\n<\/div>\n<\/div>\n<p>[\/et_pb_text][\/et_pb_column][\/et_pb_row][et_pb_row column_structure=&#8220;1_2,1_2&#8243; _builder_version=&#8220;4.23.1&#8243; _module_preset=&#8220;default&#8220; global_colors_info=&#8220;{}&#8220; theme_builder_area=&#8220;post_content&#8220;][et_pb_column type=&#8220;1_2&#8243; _builder_version=&#8220;4.23.1&#8243; _module_preset=&#8220;default&#8220; global_colors_info=&#8220;{}&#8220; theme_builder_area=&#8220;post_content&#8220;][et_pb_text _builder_version=&#8220;4.23.1&#8243; _module_preset=&#8220;ca4aa638-2d79-4338-8fc9-4ef88e99cc6c&#8220; text_font=&#8220;Barlow||||||||&#8220; hover_enabled=&#8220;0&#8243; global_colors_info=&#8220;{}&#8220; theme_builder_area=&#8220;post_content&#8220; sticky_enabled=&#8220;0&#8243;]<\/p>\n<h4><strong>Zahlungsbedingungen:<\/strong><\/h4>\n<ul>\n<li>Bei einer Online-Buchung erfolgt die Belastung der Kreditkarte zum Zeitpunkt der Buchung.<\/li>\n<li>Buchungen pro per Post, Telefon oder pers\u00f6nlichem Kontakt, wird im Zusammenhang mit der Buchung bezahlt. Sie erhalten eine E-Mail mit einem Zahlungslink. Sobald der Betrag bezahlt ist, ist Ihre Buchung best\u00e4tigt.<\/li>\n<\/ul>\n<p>[\/et_pb_text][et_pb_text _builder_version=&#8220;4.23.1&#8243; _module_preset=&#8220;ca4aa638-2d79-4338-8fc9-4ef88e99cc6c&#8220; text_font=&#8220;Barlow||||||||&#8220; hover_enabled=&#8220;0&#8243; global_colors_info=&#8220;{}&#8220; theme_builder_area=&#8220;post_content&#8220; sticky_enabled=&#8220;0&#8243;]<\/p>\n<h4><strong>Stornobedingungen \u2013 Firmen, Tagungen oder Konferenzen:<\/strong><\/h4>\n<p>Eine Stornierung oder Reduzierung einer Party\/Tagung ab 12 Personen muss \u2013 um kostenfrei zu sein \u2013 sp\u00e4testens 4 Wochen vor Anreise schriftlich (per E-Mail) beim Hotel Steenberg eingehen.<\/p>\n<p>Im Zusammenhang mit der Buchung von Firmen, Tagungen oder Konferenzen wird eine Anzahlung von 5.000 DKK erhoben<\/p>\n<p>Bei rechtzeitiger Stornierung\/Stornierung wird die Anzahlung zur\u00fcckerstattet. Danach k\u00f6nnen maximal 50 % der endg\u00fcltig bestellten Veranstaltung storniert werden. Bitte beachten Sie, dass die Stornierung wie folgt erfolgen muss, um maximal 50 % zu stornieren<\/p>\n<ul>\n<li>20 \u2013 30 Tage vor Anreise sind bis zu 50 % des Gesamtpreises kostenfrei stornierbar<\/li>\n<li>20 Tage vor Anreise ist die Vereinbarung verbindlich und die Buchung kann nicht mehr storniert oder ge\u00e4ndert werden<\/li>\n<li>Bei Nichterscheinen, versp\u00e4teter Anreise, vorzeitiger Abreise oder sp\u00e4terer Stornierung bzw. Erm\u00e4\u00dfigung hat das Hotel Steenbergs Anspruch auf eine Entsch\u00e4digung in H\u00f6he des vollen Preises der versp\u00e4tet stornierten Leistungen im endg\u00fcltigen Arrangement<\/li>\n<\/ul>\n<p>Das Hotel Steenbergs wird selbstverst\u00e4ndlich versuchen, versp\u00e4tet stornierte Leistungen weiterzuverkaufen. F\u00fcr den Fall, dass es nicht m\u00f6glich ist, die Leistungen zum gleichen Preis weiterzuverkaufen, beh\u00e4lt sich Hotel Steenbergs das Recht vor, eine Rechnung \u00fcber die Preisdifferenz der urspr\u00fcnglich bestellten Leistungen gem\u00e4\u00df dieser Buchung zu stellen.<\/p>\n<p>[\/et_pb_text][\/et_pb_column][et_pb_column type=&#8220;1_2&#8243; _builder_version=&#8220;4.23.1&#8243; _module_preset=&#8220;default&#8220; global_colors_info=&#8220;{}&#8220; theme_builder_area=&#8220;post_content&#8220;][et_pb_text _builder_version=&#8220;4.23.1&#8243; _module_preset=&#8220;ca4aa638-2d79-4338-8fc9-4ef88e99cc6c&#8220; text_font=&#8220;Barlow||||||||&#8220; hover_enabled=&#8220;0&#8243; global_colors_info=&#8220;{}&#8220; theme_builder_area=&#8220;post_content&#8220; sticky_enabled=&#8220;0&#8243;]<\/p>\n<h4><strong>Stornobedingungen:<\/strong><\/h4>\n<ul>\n<li>Sie k\u00f6nnen Ihren Aufenthalt bis 48 Stunden vor Check-in (15:00 Uhr) kostenfrei stornieren.<\/li>\n<li>Bei Nichterscheinen wird der volle Betrag (100 %) f\u00fcr die gesamte Leistung\/Aufenthalt bezahlt.<\/li>\n<li>Wenn Sie einen nicht erstattungsf\u00e4higen Aufenthalt buchen, ziehen wir das Geld sofort ab und die Buchung kann nicht storniert\/storniert werden.<\/li>\n<li>Wird ein Aufenthalt aufgrund einer akuten Krankheit, eines Unfalls oder eines Todesfalls des Mieters, des Ehegatten, der Kinder, der Eltern oder der Geschwister storniert, wird der volle Mietbetrag (100 %) zur\u00fcckerstattet.<\/li>\n<\/ul>\n<p>Wir weisen darauf hin, dass Stornierungen\/\u00c4nderungen von \u00dcbernachtung(en) oder Aufenthalten schriftlich erfolgen m\u00fcssen E-Mail an info@steenbergs.dk.<\/p>\n<p>[\/et_pb_text][et_pb_text _builder_version=&#8220;4.23.1&#8243; _module_preset=&#8220;ca4aa638-2d79-4338-8fc9-4ef88e99cc6c&#8220; text_font=&#8220;Barlow||||||||&#8220; hover_enabled=&#8220;0&#8243; global_colors_info=&#8220;{}&#8220; theme_builder_area=&#8220;post_content&#8220; sticky_enabled=&#8220;0&#8243;]<\/p>\n<h4><strong>H\u00f6here Gewalt:<\/strong><\/h4>\n<p>Wenn der Aufenthalt aufgrund von verhindert wird Aufgrund h\u00f6herer Gewalt (Naturkatastrophen, Streiks, Kriegshandlungen, Unruhen und dergleichen) haftet das Hotel Steenbergs nicht f\u00fcr Entsch\u00e4digungen f\u00fcr unterbrochene oder unvollst\u00e4ndige Aufenthalte.<\/p>\n<p>[\/et_pb_text][et_pb_text _builder_version=&#8220;4.23.1&#8243; _module_preset=&#8220;ca4aa638-2d79-4338-8fc9-4ef88e99cc6c&#8220; text_font=&#8220;Barlow||||||||&#8220; hover_enabled=&#8220;0&#8243; global_colors_info=&#8220;{}&#8220; theme_builder_area=&#8220;post_content&#8220; sticky_enabled=&#8220;0&#8243;]<\/p>\n<h4><strong>Bankverbindung:<\/strong><\/h4>\n<p>SparNord<\/p>\n<p>Reg.nr.: 8122 &#8211; Kontonummer: 1220261146<\/p>\n<p>Swift: SPNODK22<\/p>\n<p>IBAN: DK79812211220261146<\/p>\n<p><em>Mobilepay: 348940<\/em><\/p>\n<p>[\/et_pb_text][\/et_pb_column][\/et_pb_row][\/et_pb_section][et_pb_section fb_built=&#8220;1&#8243; admin_label=&#8220;Features&#8220; _builder_version=&#8220;4.23.1&#8243; _module_preset=&#8220;default&#8220; background_image=&#8220;https:\/\/steenbergs.dk\/wp-content\/uploads\/2023\/11\/nykobing-havn-sh-copy.jpg&#8220; width=&#8220;94%&#8220; width_tablet=&#8220;80%&#8220; width_phone=&#8220;80%&#8220; width_last_edited=&#8220;on|tablet&#8220; module_alignment=&#8220;center&#8220; custom_margin=&#8220;28px||28px||true|false&#8220; custom_padding=&#8220;9vw||9vw||true|false&#8220; border_radii=&#8220;on|10px|10px|10px|10px&#8220; collapsed=&#8220;on&#8220; global_colors_info=&#8220;{}&#8220; theme_builder_area=&#8220;post_content&#8220;][\/et_pb_section]<\/p>\n","protected":false},"excerpt":{"rendered":"<p>Gesch\u00e4fts- und Handelsbedingungen Zahlungsbedingungen: Bei einer Online-Buchung erfolgt die Belastung der Kreditkarte zum Zeitpunkt der Buchung. Buchungen pro per Post, Telefon oder pers\u00f6nlichem Kontakt, wird im Zusammenhang mit der Buchung bezahlt. Sie erhalten eine E-Mail mit einem Zahlungslink. Sobald der Betrag bezahlt ist, ist Ihre Buchung best\u00e4tigt. Stornobedingungen \u2013 Firmen, Tagungen oder Konferenzen: Eine Stornierung [&hellip;]<\/p>\n","protected":false},"author":2,"featured_media":0,"parent":0,"menu_order":0,"comment_status":"closed","ping_status":"closed","template":"","meta":{"_et_pb_use_builder":"on","_et_pb_old_content":"","_et_gb_content_width":"","inline_featured_image":false,"footnotes":""},"class_list":["post-1178","page","type-page","status-publish","hentry"],"_links":{"self":[{"href":"https:\/\/steenbergs.dk\/de\/wp-json\/wp\/v2\/pages\/1178","targetHints":{"allow":["GET"]}}],"collection":[{"href":"https:\/\/steenbergs.dk\/de\/wp-json\/wp\/v2\/pages"}],"about":[{"href":"https:\/\/steenbergs.dk\/de\/wp-json\/wp\/v2\/types\/page"}],"author":[{"embeddable":true,"href":"https:\/\/steenbergs.dk\/de\/wp-json\/wp\/v2\/users\/2"}],"replies":[{"embeddable":true,"href":"https:\/\/steenbergs.dk\/de\/wp-json\/wp\/v2\/comments?post=1178"}],"version-history":[{"count":5,"href":"https:\/\/steenbergs.dk\/de\/wp-json\/wp\/v2\/pages\/1178\/revisions"}],"predecessor-version":[{"id":1183,"href":"https:\/\/steenbergs.dk\/de\/wp-json\/wp\/v2\/pages\/1178\/revisions\/1183"}],"wp:attachment":[{"href":"https:\/\/steenbergs.dk\/de\/wp-json\/wp\/v2\/media?parent=1178"}],"curies":[{"name":"wp","href":"https:\/\/api.w.org\/{rel}","templated":true}]}}