{"id":1190,"date":"2023-11-22T13:30:29","date_gmt":"2023-11-22T12:30:29","guid":{"rendered":"https:\/\/steenbergs.dk\/preisgarantie\/"},"modified":"2023-12-05T11:53:22","modified_gmt":"2023-12-05T10:53:22","slug":"preisgarantie","status":"publish","type":"page","link":"https:\/\/steenbergs.dk\/de\/preisgarantie\/","title":{"rendered":"Preisgarantie"},"content":{"rendered":"<p>[et_pb_section fb_built=&#8220;1&#8243; admin_label=&#8220;Header &#038; Pricing Table&#8220; _builder_version=&#8220;4.21.0&#8243; _module_preset=&#8220;default&#8220; collapsed=&#8220;on&#8220; global_colors_info=&#8220;{}&#8220;][et_pb_row _builder_version=&#8220;4.21.0&#8243; _module_preset=&#8220;default&#8220; max_width=&#8220;800px&#8220; global_colors_info=&#8220;{}&#8220;][et_pb_column type=&#8220;4_4&#8243; _builder_version=&#8220;4.21.0&#8243; _module_preset=&#8220;default&#8220; global_colors_info=&#8220;{}&#8220;][et_pb_text _builder_version=&#8220;4.23.1&#8243; _module_preset=&#8220;72cc7669-e4f2-4f64-847f-1f22b686a254&#8243; text_orientation=&#8220;center&#8220; custom_margin=&#8220;||10px||false|false&#8220; animation_style=&#8220;slide&#8220; animation_direction=&#8220;left&#8220; animation_duration=&#8220;1700ms&#8220; animation_delay=&#8220;150ms&#8220; animation_intensity_slide=&#8220;2%&#8220; animation_starting_opacity=&#8220;68%&#8220; animation_speed_curve=&#8220;ease&#8220; global_colors_info=&#8220;{}&#8220;]<\/p>\n<h2>Buchen Sie mit Preisgarantie<\/h2>\n<div id=\"c4584\" class=\"frame default \">\n<div class=\"posts-box\">\n<div class=\"posts-wrapper row\">\n<div class=\" col-md-12 a1\">\n<div class=\"psum-small\">\n<div id=\"c4585\" class=\"frame default \"><\/div>\n<\/div>\n<\/div>\n<\/div>\n<\/div>\n<\/div>\n<p>[\/et_pb_text][et_pb_text _builder_version=&#8220;4.23.1&#8243; _module_preset=&#8220;ca4aa638-2d79-4338-8fc9-4ef88e99cc6c&#8220; text_font=&#8220;Barlow||||||||&#8220; text_orientation=&#8220;center&#8220; hover_enabled=&#8220;0&#8243; global_colors_info=&#8220;{}&#8220; sticky_enabled=&#8220;0&#8243;]<\/p>\n<p><span>Der beste Preis<\/span><\/p>\n<p><span>Erhalten Sie immer den besten Preis, indem Sie direkt bei uns buchen. Sollten Sie wider Erwarten anderswo einen g\u00fcnstigeren Preis f\u00fcr den Aufenthalt in unserem Hotel finden, passen wir diesen selbstverst\u00e4ndlich an.<\/span><span> <\/span><\/p>\n<p><span> <\/span><span>Weitere Vorteile der Direktbuchung:<\/span><\/p>\n<p>[\/et_pb_text][\/et_pb_column][\/et_pb_row][et_pb_row column_structure=&#8220;1_2,1_2&#8243; _builder_version=&#8220;4.23.1&#8243; _module_preset=&#8220;default&#8220; global_colors_info=&#8220;{}&#8220;][et_pb_column type=&#8220;1_2&#8243; _builder_version=&#8220;4.23.1&#8243; _module_preset=&#8220;default&#8220; global_colors_info=&#8220;{}&#8220;][et_pb_text _builder_version=&#8220;4.23.1&#8243; _module_preset=&#8220;ca4aa638-2d79-4338-8fc9-4ef88e99cc6c&#8220; text_font=&#8220;Barlow||||||||&#8220; hover_enabled=&#8220;0&#8243; global_colors_info=&#8220;{}&#8220; sticky_enabled=&#8220;0&#8243;]<\/p>\n<p><strong>Die letzten verf\u00fcgbaren Zimmer<br \/><\/strong><span>In ausgebuchten Zeiten ist die Wahrscheinlichkeit, ein eventuell storniertes Hotelzimmer o.\u00e4. direkt bei uns zu finden, am gr\u00f6\u00dften. Wir sind flexibel, da wir einen vollst\u00e4ndigen \u00dcberblick \u00fcber alle unsere Hotelzimmer haben.<\/span><\/p>\n<p>[\/et_pb_text][et_pb_text _builder_version=&#8220;4.23.1&#8243; _module_preset=&#8220;ca4aa638-2d79-4338-8fc9-4ef88e99cc6c&#8220; text_font=&#8220;Barlow||||||||&#8220; hover_enabled=&#8220;0&#8243; global_colors_info=&#8220;{}&#8220; sticky_enabled=&#8220;0&#8243;]<\/p>\n<p><strong>Sofortige Bearbeitung Ihrer Reservierung<br \/><\/strong><span>Sofortige Bearbeitung Ihrer Reservierung. Bei Direktbuchung erhalten wir Ihre Reservierung umgehend. Dies macht es f\u00fcr Sie einfacher, \u00c4nderungen in Bezug auf Ihre Buchung vorzunehmen.<\/span><\/p>\n<p>[\/et_pb_text][\/et_pb_column][et_pb_column type=&#8220;1_2&#8243; _builder_version=&#8220;4.23.1&#8243; _module_preset=&#8220;default&#8220; global_colors_info=&#8220;{}&#8220;][et_pb_text _builder_version=&#8220;4.23.1&#8243; _module_preset=&#8220;ca4aa638-2d79-4338-8fc9-4ef88e99cc6c&#8220; text_font=&#8220;Barlow||||||||&#8220; global_colors_info=&#8220;{}&#8220;]<\/p>\n<p><strong>Eine Buchung ohne Vermittler<br \/><\/strong><span>Es gibt keine Zwischenh\u00e4ndler und keine versteckten Geb\u00fchren.<\/span><\/p>\n<p>[\/et_pb_text][et_pb_text _builder_version=&#8220;4.23.1&#8243; _module_preset=&#8220;ca4aa638-2d79-4338-8fc9-4ef88e99cc6c&#8220; text_font=&#8220;Barlow||||||||&#8220; hover_enabled=&#8220;0&#8243; global_colors_info=&#8220;{}&#8220; sticky_enabled=&#8220;0&#8243;]<\/p>\n<p><strong>Eine sichere Transaktion mit SSL-Verschl\u00fcsselung<br \/><\/strong><span>Wir sch\u00fctzen Ihre pers\u00f6nlichen Daten und alle Zahlungen erfolgen \u00fcber eine verschl\u00fcsselte und sichere Leitung. Daher ist es sicher und gesch\u00fctzt, auf unseren Websites einzukaufen.<\/span><\/p>\n<p>[\/et_pb_text][et_pb_text _builder_version=&#8220;4.23.1&#8243; _module_preset=&#8220;ca4aa638-2d79-4338-8fc9-4ef88e99cc6c&#8220; text_font=&#8220;Barlow||||||||&#8220; hover_enabled=&#8220;0&#8243; global_colors_info=&#8220;{}&#8220; sticky_enabled=&#8220;0&#8243;]<\/p>\n<p><strong>Zahlung per Zahlungslink<br \/><\/strong>Bei der Buchung eines Zimmers\/Aufenthalts erhalten Sie einen Zahlungslink. Nach der Zahlung erhalten Sie eine endg\u00fcltige Best\u00e4tigung Ihrer Buchung.<\/p>\n<p>[\/et_pb_text][\/et_pb_column][\/et_pb_row][\/et_pb_section][et_pb_section fb_built=&#8220;1&#8243; admin_label=&#8220;Features&#8220; _builder_version=&#8220;4.23.1&#8243; _module_preset=&#8220;default&#8220; background_image=&#8220;https:\/\/steenbergs.dk\/wp-content\/uploads\/2023\/11\/nykobing-havn-sh-copy.jpg&#8220; width=&#8220;94%&#8220; width_tablet=&#8220;80%&#8220; width_phone=&#8220;80%&#8220; width_last_edited=&#8220;on|tablet&#8220; module_alignment=&#8220;center&#8220; custom_margin=&#8220;28px||28px||true|false&#8220; custom_padding=&#8220;9vw||9vw||true|false&#8220; border_radii=&#8220;on|10px|10px|10px|10px&#8220; collapsed=&#8220;on&#8220; global_colors_info=&#8220;{}&#8220;][\/et_pb_section]<\/p>\n","protected":false},"excerpt":{"rendered":"<p>Buchen Sie mit Preisgarantie Der beste Preis Erhalten Sie immer den besten Preis, indem Sie direkt bei uns buchen. Sollten Sie wider Erwarten anderswo einen g\u00fcnstigeren Preis f\u00fcr den Aufenthalt in unserem Hotel finden, passen wir diesen selbstverst\u00e4ndlich an. Weitere Vorteile der Direktbuchung:Die letzten verf\u00fcgbaren ZimmerIn ausgebuchten Zeiten ist die Wahrscheinlichkeit, ein eventuell storniertes Hotelzimmer [&hellip;]<\/p>\n","protected":false},"author":2,"featured_media":0,"parent":0,"menu_order":0,"comment_status":"closed","ping_status":"closed","template":"","meta":{"_et_pb_use_builder":"on","_et_pb_old_content":"","_et_gb_content_width":"","inline_featured_image":false,"footnotes":""},"class_list":["post-1190","page","type-page","status-publish","hentry"],"_links":{"self":[{"href":"https:\/\/steenbergs.dk\/de\/wp-json\/wp\/v2\/pages\/1190","targetHints":{"allow":["GET"]}}],"collection":[{"href":"https:\/\/steenbergs.dk\/de\/wp-json\/wp\/v2\/pages"}],"about":[{"href":"https:\/\/steenbergs.dk\/de\/wp-json\/wp\/v2\/types\/page"}],"author":[{"embeddable":true,"href":"https:\/\/steenbergs.dk\/de\/wp-json\/wp\/v2\/users\/2"}],"replies":[{"embeddable":true,"href":"https:\/\/steenbergs.dk\/de\/wp-json\/wp\/v2\/comments?post=1190"}],"version-history":[{"count":2,"href":"https:\/\/steenbergs.dk\/de\/wp-json\/wp\/v2\/pages\/1190\/revisions"}],"predecessor-version":[{"id":1192,"href":"https:\/\/steenbergs.dk\/de\/wp-json\/wp\/v2\/pages\/1190\/revisions\/1192"}],"wp:attachment":[{"href":"https:\/\/steenbergs.dk\/de\/wp-json\/wp\/v2\/media?parent=1190"}],"curies":[{"name":"wp","href":"https:\/\/api.w.org\/{rel}","templated":true}]}}