{"id":1199,"date":"2023-11-22T13:31:04","date_gmt":"2023-11-22T12:31:04","guid":{"rendered":"https:\/\/steenbergs.dk\/raucherpolitik\/"},"modified":"2023-12-05T11:58:13","modified_gmt":"2023-12-05T10:58:13","slug":"raucherpolitik","status":"publish","type":"page","link":"https:\/\/steenbergs.dk\/de\/raucherpolitik\/","title":{"rendered":"Raucherpolitik"},"content":{"rendered":"<p>[et_pb_section fb_built=&#8220;1&#8243; admin_label=&#8220;Header &#038; Pricing Table&#8220; _builder_version=&#8220;4.21.0&#8243; _module_preset=&#8220;default&#8220; collapsed=&#8220;on&#8220; global_colors_info=&#8220;{}&#8220; theme_builder_area=&#8220;post_content&#8220;][et_pb_row _builder_version=&#8220;4.21.0&#8243; _module_preset=&#8220;default&#8220; max_width=&#8220;800px&#8220; global_colors_info=&#8220;{}&#8220; theme_builder_area=&#8220;post_content&#8220;][et_pb_column type=&#8220;4_4&#8243; _builder_version=&#8220;4.21.0&#8243; _module_preset=&#8220;default&#8220; global_colors_info=&#8220;{}&#8220; theme_builder_area=&#8220;post_content&#8220;][et_pb_text _builder_version=&#8220;4.23.1&#8243; _module_preset=&#8220;72cc7669-e4f2-4f64-847f-1f22b686a254&#8243; text_orientation=&#8220;center&#8220; custom_margin=&#8220;||10px||false|false&#8220; animation_style=&#8220;slide&#8220; animation_direction=&#8220;left&#8220; animation_duration=&#8220;1700ms&#8220; animation_delay=&#8220;150ms&#8220; animation_intensity_slide=&#8220;2%&#8220; animation_starting_opacity=&#8220;68%&#8220; animation_speed_curve=&#8220;ease&#8220; hover_enabled=&#8220;0&#8243; global_colors_info=&#8220;{}&#8220; theme_builder_area=&#8220;post_content&#8220; header_2_text_align=&#8220;center&#8220; sticky_enabled=&#8220;0&#8243;]<\/p>\n<section class=\"text-section text-black\">\n<div class=\"container\">\n<div class=\"row\">\n<div class=\"col-12 text-center\">\n<h2>Raucherpolitik<\/h2>\n<\/div>\n<\/div>\n<\/div>\n<\/section>\n<section class=\"text-image-section rightTrue text-black text-left\">\n<div class=\"container small-container\">\n<div class=\"row justify-content-center\">\n<div class=\"col-sm-5\">\n<div class=\"site-wrapper\">\n<div class=\"site-wrapper-inner\"><\/div>\n<\/div>\n<\/div>\n<\/div>\n<\/div>\n<\/section>\n<p>[\/et_pb_text][et_pb_text _builder_version=&#8220;4.23.1&#8243; _module_preset=&#8220;ca4aa638-2d79-4338-8fc9-4ef88e99cc6c&#8220; text_font=&#8220;Barlow||||||||&#8220; text_orientation=&#8220;center&#8220; hover_enabled=&#8220;0&#8243; global_colors_info=&#8220;{}&#8220; theme_builder_area=&#8220;post_content&#8220; sticky_enabled=&#8220;0&#8243;]<\/p>\n<div class=\"col-sm-5\">\n<div class=\"site-wrapper\">\n<div class=\"site-wrapper-inner\">\n<p>Alle Innenbereiche im Hotel Steenbergs sind rauchfrei.<\/p>\n<p>Raucher k\u00f6nnen gerne die Terrasse nutzen.<\/p>\n<p>F\u00fcr das Rauchen im Zimmer wird eine Geb\u00fchr von DKK 9.000 erhoben<\/p>\n<p>Es kann auch sein, dass Sie des Hotels verwiesen werden.<\/p>\n<\/div>\n<\/div>\n<\/div>\n<p>[\/et_pb_text][\/et_pb_column][\/et_pb_row][\/et_pb_section][et_pb_section fb_built=&#8220;1&#8243; admin_label=&#8220;Features&#8220; _builder_version=&#8220;4.23.1&#8243; _module_preset=&#8220;default&#8220; background_image=&#8220;https:\/\/steenbergs.dk\/wp-content\/uploads\/2023\/11\/nykobing-havn-sh-copy.jpg&#8220; width=&#8220;94%&#8220; width_tablet=&#8220;80%&#8220; width_phone=&#8220;80%&#8220; width_last_edited=&#8220;on|tablet&#8220; module_alignment=&#8220;center&#8220; custom_margin=&#8220;28px||28px||true|false&#8220; custom_padding=&#8220;9vw||9vw||true|false&#8220; border_radii=&#8220;on|10px|10px|10px|10px&#8220; collapsed=&#8220;on&#8220; global_colors_info=&#8220;{}&#8220; theme_builder_area=&#8220;post_content&#8220;][\/et_pb_section]<\/p>\n","protected":false},"excerpt":{"rendered":"<p>Raucherpolitik Alle Innenbereiche im Hotel Steenbergs sind rauchfrei. Raucher k\u00f6nnen gerne die Terrasse nutzen. F\u00fcr das Rauchen im Zimmer wird eine Geb\u00fchr von DKK 9.000 erhoben Es kann auch sein, dass Sie des Hotels verwiesen werden.<\/p>\n","protected":false},"author":2,"featured_media":0,"parent":0,"menu_order":0,"comment_status":"closed","ping_status":"closed","template":"","meta":{"_et_pb_use_builder":"on","_et_pb_old_content":"","_et_gb_content_width":"","inline_featured_image":false,"footnotes":""},"class_list":["post-1199","page","type-page","status-publish","hentry"],"_links":{"self":[{"href":"https:\/\/steenbergs.dk\/de\/wp-json\/wp\/v2\/pages\/1199","targetHints":{"allow":["GET"]}}],"collection":[{"href":"https:\/\/steenbergs.dk\/de\/wp-json\/wp\/v2\/pages"}],"about":[{"href":"https:\/\/steenbergs.dk\/de\/wp-json\/wp\/v2\/types\/page"}],"author":[{"embeddable":true,"href":"https:\/\/steenbergs.dk\/de\/wp-json\/wp\/v2\/users\/2"}],"replies":[{"embeddable":true,"href":"https:\/\/steenbergs.dk\/de\/wp-json\/wp\/v2\/comments?post=1199"}],"version-history":[{"count":4,"href":"https:\/\/steenbergs.dk\/de\/wp-json\/wp\/v2\/pages\/1199\/revisions"}],"predecessor-version":[{"id":1203,"href":"https:\/\/steenbergs.dk\/de\/wp-json\/wp\/v2\/pages\/1199\/revisions\/1203"}],"wp:attachment":[{"href":"https:\/\/steenbergs.dk\/de\/wp-json\/wp\/v2\/media?parent=1199"}],"curies":[{"name":"wp","href":"https:\/\/api.w.org\/{rel}","templated":true}]}}